{"id":269,"date":"2019-03-15T14:51:40","date_gmt":"2019-03-15T13:51:40","guid":{"rendered":"https:\/experiences\/brakaneshostg.wpenginepowered.com\/?page_id=269"},"modified":"2022-08-10T09:03:35","modified_gmt":"2022-08-10T07:03:35","slug":"about-us","status":"publish","type":"page","link":"https:\/\/test.brakanes-hotel.no\/en\/about-us\/","title":{"rendered":"About us"},"content":{"rendered":"<div class=\"wpb-content-wrapper\"><p>[vc_row full_width=&#8221;stretch_row&#8221; content_placement=&#8221;bottom&#8221; bg_type=&#8221;image&#8221; parallax_style=&#8221;vcpb-default&#8221; bg_image_new=&#8221;id^195|url^https:\/\/test.brakanes-hotel.no\/wp-content\/uploads\/fasiliteter-brakanes.jpg|caption^null|alt^null|title^fasiliteter-brakanes|description^null&#8221; bg_img_attach=&#8221;fixed&#8221; enable_overlay=&#8221;enable_overlay_value&#8221; overlay_color=&#8221;rgba(10,10,10,0.15)&#8221; el_class=&#8221;padded-image-section&#8221;][vc_column width=&#8221;1\/2&#8243;][vc_column_text css_animation=&#8221;fadeInUp&#8221;]<\/p>\n<h1>Brakanes Hotel<\/h1>\n<p>By Fjordtind[\/vc_column_text][\/vc_column][vc_column width=&#8221;1\/2&#8243;][\/vc_column][\/vc_row][vc_row gap=&#8221;35&#8243; el_class=&#8221;padded-section-big&#8221;][vc_column width=&#8221;1\/3&#8243;][vc_column_text css_animation=&#8221;fadeInUp&#8221; el_class=&#8221;heading-line&#8221;]<\/p>\n<h2>More than just a place to spend the night<\/h2>\n<p>[\/vc_column_text][\/vc_column][vc_column width=&#8221;2\/3&#8243;][vc_column_text css_animation=&#8221;fadeInUp&#8221;]Brakanes Hotel is one of Hardanger&#8217;s foremost tourist and conference hotels, and is widely known and appreciated by travelers both domestic and foreign.<\/p>\n<p>A close partnership with local actors and businesses is important to us, and together we strive to offer our guests enjoyable and unique experiences.<\/p>\n<p>In the spring of 2015 Ulvik became the fourth Cittaslow municipality in the country. A network promoting sustainable societies in more than 25 countries across the world. Brakanes Hotel does its part to preserve the unique character of Ulvik through an increased focus on the environment and local, sustainable productions methods.<\/p>\n<p>Brakanes Hotel and the Brakanes Course and Conference Center is a part of Fjordtind Hotels.[\/vc_column_text][vc_column_text el_class=&#8221;primary-button&#8221;]<a href=\"https:\/\/test.brakanes-hotel.no\/en\/bestill-rom\/\">Book your stay <i class=\"fal fa-long-arrow-right\"><\/i><\/a> <a href=\"https:\/\/test.brakanes-hotel.no\/en\/events-conferences\/\">Events &amp; conferences <i class=\"fal fa-long-arrow-right\"><\/i><\/a>[\/vc_column_text][\/vc_column][\/vc_row][vc_row el_class=&#8221;padded-section-bottom&#8221;][vc_column][vc_single_image image=&#8221;1992&#8243; img_size=&#8221;full&#8221; el_class=&#8221;padded-section-small-bottom&#8221;][vc_row_inner][vc_column_inner width=&#8221;1\/6&#8243;][\/vc_column_inner][vc_column_inner width=&#8221;2\/3&#8243;][vc_column_text el_class=&#8221;padded-section-small-bottom&#8221;]<\/p>\n<h2>From coaching inn to grand hotel<\/h2>\n<p>[\/vc_column_text][vc_column_text]The tale of tourism at Brakanes Hotel began in 1860 when coachman Sjur started a local coaching inn, arranging transportation of both people and goods. His daughter Kari and her husband Hans Lindebr\u00e6kke took over the coaching inn from Sjur in 1884 and expanded the inn with several rooms.<\/p>\n<p>With better communications between Norway and Great Britain, tourism flourished in the 1880\u2019s and in 1891 the first major expansion of the hotel took place. After the renovation the hotel had 50 beds and the fa\u00e7ade of the hotel got all the ornaments that characterized the Swiss chalet style with beautiful wood carvings so common for hotels at the time.<\/p>\n<p>Kari died in 1902 and her two daughters Mrs. Marta Nielsen (n\u00e9 Lindebr\u00e6kke) and Miss Sara Lindebr\u00e6kke eventually took over the running of the hotel in 1907 carrying on the traditions of the Brakanes Hotel. The present name \u201cSara &amp; Marta Dancing\u201d stems from the name of these two sisters.<\/p>\n<p>Ulvik was by the end of the 19<sup>th<\/sup> century a rather isolated village, but in 1901 the village got a road connection to Granvin and Voss, increasing the number of guests substantially. The years leading up to the First World War were a period of bustling tourism with many cruise ships and private yachts making port at Ulvik.<\/p>\n<p>1928 &#8211; 1930 saw another extension and renovation of the hotel, modernising it with sanitary installations, more rooms and a larger dining hall and kitchen. The front of the hotel was also renovated, and the old Swiss chalet style was replaced by a more modern architectural expression.<\/p>\n<p>The Second World War came to Norway in 1940, and on the morning of the 25<sup>th<\/sup> of April 1940, uninvited guests appeared in Ulvik. Five German motor torpedo boats and one minesweeper entered the fjord and shelled the village. 51 buildings, including the Brakanes Hotel, succumbed to the fires.<\/p>\n<p>The Lindebr\u00e6kke family did not accept the tragedy that had struck the hotel and decided that it should be rebuilt from the ashes. In 1949 they built a boarding house on the site of the fire, planning further extensions in the years to come.<\/p>\n<p>Tourism flourished in the years after the war and the capacity of the boarding house turned out to be insufficient. A new hotel was constructed based on designs by the well-known architect from Bergen Mr. Kristian Bjerknes. The new hotel was completed May 8<sup>th<\/sup> 1952, and offered 124 beds and 44 rooms with private baths.<\/p>\n<p>The 1970\u2019s were difficult years for tourism and the Brakanes Hotel and the Lindebr\u00e6kke family decided to put the hotel on the market in 1980. The Pedersen family bid on the hotel, but lost to the Norwegian hotel chain, M\u00fcller Hotell who was then the new owner of the property. In 1982 the Pedersen family leased the hotel from the M\u00fcller Group.<\/p>\n<p>Extensions and restorations followed, increasing the capacity from 74 to 107 rooms. The hotel became a member of the hotel chain InterNor alongside the Grand Hotel in Oslo and the Hotel Norge in Bergen, among the best hotels in Norway. Despite the increased capacity, it was still not enough. In 1995 further extensions increased the total capacity to 143 rooms in addition to new guest areas and a new restaurant.<\/p>\n<p>Ulvik Conference Centre was built in 1988 on the site where the boarding house had been after the war. The centre was organized with public funds and private investors, which was a new way of organizing such projects. Some years later, the congress centre became a part of the Brakanes Hotel with the same owners as the hotel.<\/p>\n<p>In the beginning of the 21<sup>st<\/sup> century running hotels in the district became more difficult, especially on the conference market, where the airport hotels provided stiff competition. After a period of expansion with a few more hotels in the Brakanes Hotel Group, the period up to 2015 \u2013 2016 proved to be very difficult with substantial losses eventually leading to bankruptcy. Brakanes Hotel was then bought by DNB Bank and ran by Stay Tuned Hospitality, where Bj\u00f6rn Kovacs was owner and chairman.<\/p>\n<p>Bj\u00f6rn Kovacs and Ole Lilland bought the Brakanes Hotel in 2018 and own and operate the hotel. Brakanes is now named Brakanes by Fjordtind and the conference centre, reception area and restaurant have had extensive refurbishments. Moreover, a new brand profile has been developed, as well as new food and beverage concepts.<\/p>\n<p>Fjordtind Hotels also has leasing agreements for the V\u00f8ringfoss Hotel in Eidfjord and the Hardangerfjord Hotel in \u00d8ystese. Fjordtind Hotels is steadily developing, and our vision is to be a competent host for all our guests and visitors as well as an attractive employer in order to maintain a great work place for all.[\/vc_column_text][\/vc_column_inner][vc_column_inner width=&#8221;1\/6&#8243;][\/vc_column_inner][\/vc_row_inner][\/vc_column][\/vc_row][vc_row el_class=&#8221;padded-section-bottom&#8221;][vc_column][\/vc_column][\/vc_row][vc_row full_width=&#8221;stretch_row&#8221; full_height=&#8221;yes&#8221; bg_type=&#8221;image&#8221; parallax_style=&#8221;vcpb-default&#8221; bg_image_new=&#8221;id^22|url^https:\/\/test.brakanes-hotel.no\/wp-content\/uploads\/ciderrute.jpg|caption^null|alt^null|title^ciderrute|description^null&#8221; bg_img_attach=&#8221;fixed&#8221; enable_overlay=&#8221;enable_overlay_value&#8221; overlay_color=&#8221;rgba(31,81,97,0.2)&#8221; el_class=&#8221;white-text&#8221;][vc_column][vc_row_inner][vc_column_inner width=&#8221;1\/4&#8243;][\/vc_column_inner][vc_column_inner width=&#8221;1\/2&#8243;][vc_column_text css_animation=&#8221;fadeInUp&#8221;]<\/p>\n<div class=\"slim-line-heading\"><\/div>\n<h2 class=\"slim-line\">No visit to Hardanger is complete without visiting a cider farm or hiking the the Hardanger glacier glacier.<\/h2>\n<p>[\/vc_column_text][\/vc_column_inner][vc_column_inner width=&#8221;1\/4&#8243;][\/vc_column_inner][\/vc_row_inner][\/vc_column][\/vc_row][vc_row][vc_column]<div class=\"templatera_shortcode\"><div data-vc-full-width=\"true\" data-vc-full-width-init=\"false\" class=\"vc_row wpb_row vc_row-fluid padded-section-big-top\"><div class=\"wpb_column vc_column_container vc_col-sm-4\"><div class=\"vc_column-inner\"><div class=\"wpb_wrapper\"><\/div><\/div><\/div><div class=\"wpb_column vc_column_container vc_col-sm-4\"><div class=\"vc_column-inner\"><div class=\"wpb_wrapper\">\n\t<div class=\"wpb_text_column wpb_content_element wpb_animate_when_almost_visible wpb_fadeInUp fadeInUp\" >\n\t\t<div class=\"wpb_wrapper\">\n\t\t\t<div class=\"slim-line-heading\"><\/div>\n<h2 class=\"slim-line\">Our rooms<\/h2>\n\n\t\t<\/div>\n\t<\/div>\n\n\t<div class=\"wpb_text_column wpb_content_element vc_custom_1552641548441\" >\n\t\t<div class=\"wpb_wrapper\">\n\t\t\t<p>Furnished in a modern Nordic style, our rooms are the perfect starting point for your Hardangerfjord experience.<\/p>\n\n\t\t<\/div>\n\t<\/div>\n<\/div><\/div><\/div><div class=\"wpb_column vc_column_container vc_col-sm-4\"><div class=\"vc_column-inner\"><div class=\"wpb_wrapper\"><\/div><\/div><\/div><\/div><div class=\"vc_row-full-width vc_clearfix\"><\/div><!-- Row Backgrounds --><div class=\"upb_color\" data-bg-override=\"0\" data-bg-color=\"rgba(146,178,191,0.16)\" data-fadeout=\"\" data-fadeout-percentage=\"30\" data-parallax-content=\"\" data-parallax-content-sense=\"30\" data-row-effect-mobile-disable=\"true\" data-img-parallax-mobile-disable=\"true\" data-rtl=\"false\"  data-custom-vc-row=\"\"  data-vc=\"8.4.1\"  data-is_old_vc=\"\"  data-theme-support=\"\"   data-overlay=\"false\" data-overlay-color=\"\" data-overlay-pattern=\"\" data-overlay-pattern-opacity=\"\" data-overlay-pattern-size=\"\"    ><\/div><div data-vc-full-width=\"true\" data-vc-full-width-init=\"false\" class=\"vc_row wpb_row vc_row-fluid padded-section-medium-big vc_column-gap-20 vc_row-o-content-middle vc_row-flex\"><div class=\"wpb_animate_when_almost_visible wpb_fadeInUp fadeInUp wpb_column vc_column_container vc_col-sm-3\"><div class=\"vc_column-inner\"><div class=\"wpb_wrapper\"><div class=\"ult-content-box-container box-link\" >\t<a class=\"ult-content-box-anchor\" href=\"https:\/\/test.brakanes-hotel.no\/en\/our-rooms\/standard\/\" title=\"Standard\" >\t\t<div class=\"ult-content-box\" style=\"box-shadow: px px px px none;-webkit-transition: all 700ms ease;-moz-transition: all 700ms ease;-ms-transition: all 700ms ease;-o-transition: all 700ms ease;transition: all 700ms ease;\"  data-hover_box_shadow=\"none\"    ><div class=\"vc_row wpb_row vc_inner vc_row-fluid\"><div class=\"box-top-rooms wpb_column vc_column_container vc_col-sm-12\"><div class=\"vc_column-inner\"><div class=\"wpb_wrapper\"><\/div><\/div><\/div><\/div><div class=\"vc_row wpb_row vc_inner vc_row-fluid\"><div class=\"box-bottom wpb_column vc_column_container vc_col-sm-12\"><div class=\"vc_column-inner\"><div class=\"wpb_wrapper\">\n\t<div  class=\"wpb_single_image wpb_content_element vc_align_left wpb_content_element vc_custom_1606118168224  box-image\">\n\t\t\n\t\t<figure class=\"wpb_wrapper vc_figure\">\n\t\t\t<div class=\"vc_single_image-wrapper   vc_box_border_grey\"><img decoding=\"async\" class=\"vc_single_image-img \" src=\"https:\/\/test.brakanes-hotel.no\/wp-content\/uploads\/Rooms_Standard_Double_03-cr.jpg\" width=\"1000\" height=\"1000\" alt=\"Rooms_Standard_Double_03-cr\" title=\"Rooms_Standard_Double_03-cr\" loading=\"lazy\" \/><\/div>\n\t\t<\/figure>\n\t<\/div>\n\n\t<div class=\"wpb_text_column wpb_content_element\" >\n\t\t<div class=\"wpb_wrapper\">\n\t\t\t<h2>Standard<\/h2>\n<p>Comfortable rooms with everything you need for a pleasant and enjoyable stay.<\/p>\n\n\t\t<\/div>\n\t<\/div>\n<\/div><\/div><\/div><\/div>\t\t<\/div>\t<\/a><\/div><\/div><\/div><\/div><div class=\"wpb_animate_when_almost_visible wpb_fadeInUp fadeInUp wpb_column vc_column_container vc_col-sm-3\"><div class=\"vc_column-inner\"><div class=\"wpb_wrapper\"><div class=\"ult-content-box-container box-link\" >\t<a class=\"ult-content-box-anchor\" href=\"https:\/\/test.brakanes-hotel.no\/en\/our-rooms\/room-with-fjord-view\/\" title=\"Superior\" >\t\t<div class=\"ult-content-box\" style=\"box-shadow: px px px px none;-webkit-transition: all 700ms ease;-moz-transition: all 700ms ease;-ms-transition: all 700ms ease;-o-transition: all 700ms ease;transition: all 700ms ease;\"  data-hover_box_shadow=\"none\"    ><div class=\"vc_row wpb_row vc_inner vc_row-fluid\"><div class=\"box-top-rooms wpb_column vc_column_container vc_col-sm-12\"><div class=\"vc_column-inner\"><div class=\"wpb_wrapper\"><\/div><\/div><\/div><\/div><div class=\"vc_row wpb_row vc_inner vc_row-fluid\"><div class=\"box-bottom wpb_column vc_column_container vc_col-sm-12\"><div class=\"vc_column-inner\"><div class=\"wpb_wrapper\">\n\t<div  class=\"wpb_single_image wpb_content_element vc_align_left wpb_content_element vc_custom_1601631151259  box-image\">\n\t\t\n\t\t<figure class=\"wpb_wrapper vc_figure\">\n\t\t\t<div class=\"vc_single_image-wrapper   vc_box_border_grey\"><img decoding=\"async\" class=\"vc_single_image-img \" src=\"https:\/\/test.brakanes-hotel.no\/wp-content\/uploads\/dobbeltrom-med-fjordutsikt-2-1000x1000.jpg\" width=\"1000\" height=\"1000\" alt=\"dobbeltrom-med-fjordutsikt\" title=\"dobbeltrom-med-fjordutsikt\" loading=\"lazy\" \/><\/div>\n\t\t<\/figure>\n\t<\/div>\n\n\t<div class=\"wpb_text_column wpb_content_element\" >\n\t\t<div class=\"wpb_wrapper\">\n\t\t\t<h2>Room with fjord view<\/h2>\n<p>Enjoy exquisite fjord views in these rooms, furnished in a modern Nordic style.<\/p>\n\n\t\t<\/div>\n\t<\/div>\n<\/div><\/div><\/div><\/div>\t\t<\/div>\t<\/a><\/div><\/div><\/div><\/div><div class=\"wpb_animate_when_almost_visible wpb_fadeInUp fadeInUp wpb_column vc_column_container vc_col-sm-3\"><div class=\"vc_column-inner\"><div class=\"wpb_wrapper\"><div class=\"ult-content-box-container box-link\" >\t<a class=\"ult-content-box-anchor\" href=\"https:\/\/test.brakanes-hotel.no\/en\/our-rooms\/room-with-fjord-view-and-balcony\/\" title=\"Lux\" >\t\t<div class=\"ult-content-box\" style=\"box-shadow: px px px px none;-webkit-transition: all 700ms ease;-moz-transition: all 700ms ease;-ms-transition: all 700ms ease;-o-transition: all 700ms ease;transition: all 700ms ease;\"  data-hover_box_shadow=\"none\"    ><div class=\"vc_row wpb_row vc_inner vc_row-fluid\"><div class=\"box-top-rooms wpb_column vc_column_container vc_col-sm-12\"><div class=\"vc_column-inner\"><div class=\"wpb_wrapper\"><\/div><\/div><\/div><\/div><div class=\"vc_row wpb_row vc_inner vc_row-fluid\"><div class=\"box-bottom wpb_column vc_column_container vc_col-sm-12\"><div class=\"vc_column-inner\"><div class=\"wpb_wrapper\">\n\t<div  class=\"wpb_single_image wpb_content_element vc_align_left wpb_content_element vc_custom_1548165857622  box-image\">\n\t\t\n\t\t<figure class=\"wpb_wrapper vc_figure\">\n\t\t\t<div class=\"vc_single_image-wrapper   vc_box_border_grey\"><img decoding=\"async\" class=\"vc_single_image-img \" src=\"https:\/\/test.brakanes-hotel.no\/wp-content\/uploads\/lux-1.jpg\" width=\"1000\" height=\"1000\" alt=\"lux\" title=\"lux\" loading=\"lazy\" \/><\/div>\n\t\t<\/figure>\n\t<\/div>\n\n\t<div class=\"wpb_text_column wpb_content_element\" >\n\t\t<div class=\"wpb_wrapper\">\n\t\t\t<h2>Room with fjord view and balcony<\/h2>\n<p>Fjord view and balcony. There's no better place to start your morning.<\/p>\n\n\t\t<\/div>\n\t<\/div>\n<\/div><\/div><\/div><\/div>\t\t<\/div>\t<\/a><\/div><\/div><\/div><\/div><div class=\"wpb_animate_when_almost_visible wpb_fadeInUp fadeInUp wpb_column vc_column_container vc_col-sm-3\"><div class=\"vc_column-inner\"><div class=\"wpb_wrapper\"><div class=\"ult-content-box-container box-link\" >\t<a class=\"ult-content-box-anchor\" href=\"https:\/\/test.brakanes-hotel.no\/en\/our-rooms\/suites\/\" title=\"Suites\" >\t\t<div class=\"ult-content-box\" style=\"box-shadow: px px px px none;-webkit-transition: all 700ms ease;-moz-transition: all 700ms ease;-ms-transition: all 700ms ease;-o-transition: all 700ms ease;transition: all 700ms ease;\"  data-hover_box_shadow=\"none\"    ><div class=\"vc_row wpb_row vc_inner vc_row-fluid\"><div class=\"box-top-rooms wpb_column vc_column_container vc_col-sm-12\"><div class=\"vc_column-inner\"><div class=\"wpb_wrapper\"><\/div><\/div><\/div><\/div><div class=\"vc_row wpb_row vc_inner vc_row-fluid\"><div class=\"box-bottom wpb_column vc_column_container vc_col-sm-12\"><div class=\"vc_column-inner\"><div class=\"wpb_wrapper\">\n\t<div  class=\"wpb_single_image wpb_content_element vc_align_left wpb_content_element vc_custom_1548165845441  box-image\">\n\t\t\n\t\t<figure class=\"wpb_wrapper vc_figure\">\n\t\t\t<div class=\"vc_single_image-wrapper   vc_box_border_grey\"><img decoding=\"async\" class=\"vc_single_image-img \" src=\"https:\/\/test.brakanes-hotel.no\/wp-content\/uploads\/suite.jpg\" width=\"1000\" height=\"1000\" alt=\"suite\" title=\"suite\" loading=\"lazy\" \/><\/div>\n\t\t<\/figure>\n\t<\/div>\n\n\t<div class=\"wpb_text_column wpb_content_element\" >\n\t\t<div class=\"wpb_wrapper\">\n\t\t\t<h2>Suite<\/h2>\n<p>More space, more fjord - experience Hardanger in luxury in one of our suites.<\/p>\n\n\t\t<\/div>\n\t<\/div>\n<\/div><\/div><\/div><\/div>\t\t<\/div>\t<\/a><\/div><\/div><\/div><\/div><\/div><div class=\"vc_row-full-width vc_clearfix\"><\/div><!-- Row Backgrounds --><div class=\"upb_color\" data-bg-override=\"0\" data-bg-color=\"rgba(146,178,191,0.16)\" data-fadeout=\"\" data-fadeout-percentage=\"30\" data-parallax-content=\"\" data-parallax-content-sense=\"30\" data-row-effect-mobile-disable=\"true\" data-img-parallax-mobile-disable=\"true\" data-rtl=\"false\"  data-custom-vc-row=\"\"  data-vc=\"8.4.1\"  data-is_old_vc=\"\"  data-theme-support=\"\"   data-overlay=\"false\" data-overlay-color=\"\" data-overlay-pattern=\"\" data-overlay-pattern-opacity=\"\" data-overlay-pattern-size=\"\"    ><\/div><\/div>[\/vc_column][\/vc_row][vc_row full_width=&#8221;stretch_row&#8221; bg_type=&#8221;image&#8221; parallax_style=&#8221;vcpb-default&#8221; bg_image_new=&#8221;id^69|url^https:\/\/test.brakanes-hotel.no\/wp-content\/uploads\/pattern-bg-01.png|caption^null|alt^null|title^pattern-bg-01|description^null&#8221; bg_img_attach=&#8221;fixed&#8221; el_class=&#8221;bottom-row&#8221;][vc_column width=&#8221;1\/4&#8243;][\/vc_column][vc_column width=&#8221;2\/4&#8243;][vc_column_text css_animation=&#8221;fadeInUp&#8221;]<\/p>\n<h2>Experience Norway<br \/>\nat its best<\/h2>\n<p>[\/vc_column_text][vc_column_text css_animation=&#8221;fadeInUp&#8221; el_class=&#8221;booking-link&#8221;]<a href=\"https:\/\/be.synxis.com\/?Hotel=41507\">Book your stay today <i class=\"fal fa-long-arrow-right\"><\/i><\/a>[\/vc_column_text][\/vc_column][vc_column width=&#8221;1\/4&#8243;][\/vc_column][\/vc_row]<\/p>\n<\/div>","protected":false},"excerpt":{"rendered":"Brakanes Hotel By Fjordtind More than just a place to spend the night Brakanes Hotel is one of Hardanger's foremost tourist and conference hotels, and is widely known and appreciated by travelers both domestic and foreign. A close partnership with local actors and businesses is important to us, and together we strive to offer our ...","protected":false},"author":12,"featured_media":0,"parent":0,"menu_order":29,"comment_status":"closed","ping_status":"closed","template":"","meta":{"footnotes":""},"class_list":["post-269","page","type-page","status-publish","hentry"],"yoast_head":"<!-- This site is optimized with the Yoast SEO plugin v24.5 - https:\/\/yoast.com\/wordpress\/plugins\/seo\/ -->\r\n<title>About us | Brakanes Hotel by Fjordtind<\/title>\r\n<meta name=\"robots\" content=\"noindex, follow, max-snippet:-1, max-image-preview:large, max-video-preview:-1\" \/>\r\n<meta property=\"og:locale\" content=\"en_US\" \/>\r\n<meta property=\"og:type\" content=\"article\" \/>\r\n<meta property=\"og:title\" content=\"About us | Brakanes Hotel by Fjordtind\" \/>\r\n<meta property=\"og:url\" content=\"https:\/\/test.brakanes-hotel.no\/en\/about-us\/\" \/>\r\n<meta property=\"og:site_name\" content=\"Brakanes Hotel by Fjordtind\" \/>\r\n<meta property=\"article:publisher\" content=\"https:\/\/www.facebook.com\/Brakanes\/\" \/>\r\n<meta property=\"article:modified_time\" content=\"2022-08-10T07:03:35+00:00\" \/>\r\n<meta name=\"twitter:card\" content=\"summary_large_image\" \/>\r\n<meta name=\"twitter:label1\" content=\"Est. reading time\" \/>\n\t<meta name=\"twitter:data1\" content=\"5 minutes\" \/>\r\n<script type=\"application\/ld+json\" class=\"yoast-schema-graph\">{\"@context\":\"https:\/\/schema.org\",\"@graph\":[{\"@type\":\"WebPage\",\"@id\":\"https:\/\/test.brakanes-hotel.no\/en\/about-us\/\",\"url\":\"https:\/\/test.brakanes-hotel.no\/en\/about-us\/\",\"name\":\"About us | Brakanes Hotel by Fjordtind\",\"isPartOf\":{\"@id\":\"https:\/\/test.brakanes-hotel.no\/en\/#website\"},\"datePublished\":\"2019-03-15T13:51:40+00:00\",\"dateModified\":\"2022-08-10T07:03:35+00:00\",\"breadcrumb\":{\"@id\":\"https:\/\/test.brakanes-hotel.no\/en\/about-us\/#breadcrumb\"},\"inLanguage\":\"en-US\",\"potentialAction\":[{\"@type\":\"ReadAction\",\"target\":[\"https:\/\/test.brakanes-hotel.no\/en\/about-us\/\"]}]},{\"@type\":\"BreadcrumbList\",\"@id\":\"https:\/\/test.brakanes-hotel.no\/en\/about-us\/#breadcrumb\",\"itemListElement\":[{\"@type\":\"ListItem\",\"position\":1,\"name\":\"Hjem\",\"item\":\"https:\/\/test.brakanes-hotel.no\/en\/\"},{\"@type\":\"ListItem\",\"position\":2,\"name\":\"About us\"}]},{\"@type\":\"WebSite\",\"@id\":\"https:\/\/test.brakanes-hotel.no\/en\/#website\",\"url\":\"https:\/\/test.brakanes-hotel.no\/en\/\",\"name\":\"Brakanes Hotel by Fjordtind\",\"description\":\"Sjekk inn i Hardanger\",\"publisher\":{\"@id\":\"https:\/\/test.brakanes-hotel.no\/en\/#organization\"},\"potentialAction\":[{\"@type\":\"SearchAction\",\"target\":{\"@type\":\"EntryPoint\",\"urlTemplate\":\"https:\/\/test.brakanes-hotel.no\/en\/?s={search_term_string}\"},\"query-input\":{\"@type\":\"PropertyValueSpecification\",\"valueRequired\":true,\"valueName\":\"search_term_string\"}}],\"inLanguage\":\"en-US\"},{\"@type\":\"Organization\",\"@id\":\"https:\/\/test.brakanes-hotel.no\/en\/#organization\",\"name\":\"Brakanes Hotel\",\"url\":\"https:\/\/test.brakanes-hotel.no\/en\/\",\"logo\":{\"@type\":\"ImageObject\",\"inLanguage\":\"en-US\",\"@id\":\"https:\/\/test.brakanes-hotel.no\/en\/#\/schema\/logo\/image\/\",\"url\":\"https:\/\/test.brakanes-hotel.no\/wp-content\/uploads\/brakanes-hotel-hvit.png\",\"contentUrl\":\"https:\/\/test.brakanes-hotel.no\/wp-content\/uploads\/brakanes-hotel-hvit.png\",\"width\":820,\"height\":419,\"caption\":\"Brakanes Hotel\"},\"image\":{\"@id\":\"https:\/\/test.brakanes-hotel.no\/en\/#\/schema\/logo\/image\/\"},\"sameAs\":[\"https:\/\/www.facebook.com\/Brakanes\/\",\"https:\/\/www.instagram.com\/brakaneshotel\/\"]}]}<\/script>\r\n<!-- \/ Yoast SEO plugin. -->","yoast_head_json":{"title":"About us | Brakanes Hotel by Fjordtind","robots":{"index":"noindex","follow":"follow","max-snippet":"max-snippet:-1","max-image-preview":"max-image-preview:large","max-video-preview":"max-video-preview:-1"},"og_locale":"en_US","og_type":"article","og_title":"About us | Brakanes Hotel by Fjordtind","og_url":"https:\/\/test.brakanes-hotel.no\/en\/about-us\/","og_site_name":"Brakanes Hotel by Fjordtind","article_publisher":"https:\/\/www.facebook.com\/Brakanes\/","article_modified_time":"2022-08-10T07:03:35+00:00","twitter_card":"summary_large_image","twitter_misc":{"Est. reading time":"5 minutes"},"schema":{"@context":"https:\/\/schema.org","@graph":[{"@type":"WebPage","@id":"https:\/\/test.brakanes-hotel.no\/en\/about-us\/","url":"https:\/\/test.brakanes-hotel.no\/en\/about-us\/","name":"About us | Brakanes Hotel by Fjordtind","isPartOf":{"@id":"https:\/\/test.brakanes-hotel.no\/en\/#website"},"datePublished":"2019-03-15T13:51:40+00:00","dateModified":"2022-08-10T07:03:35+00:00","breadcrumb":{"@id":"https:\/\/test.brakanes-hotel.no\/en\/about-us\/#breadcrumb"},"inLanguage":"en-US","potentialAction":[{"@type":"ReadAction","target":["https:\/\/test.brakanes-hotel.no\/en\/about-us\/"]}]},{"@type":"BreadcrumbList","@id":"https:\/\/test.brakanes-hotel.no\/en\/about-us\/#breadcrumb","itemListElement":[{"@type":"ListItem","position":1,"name":"Hjem","item":"https:\/\/test.brakanes-hotel.no\/en\/"},{"@type":"ListItem","position":2,"name":"About us"}]},{"@type":"WebSite","@id":"https:\/\/test.brakanes-hotel.no\/en\/#website","url":"https:\/\/test.brakanes-hotel.no\/en\/","name":"Brakanes Hotel by Fjordtind","description":"Sjekk inn i Hardanger","publisher":{"@id":"https:\/\/test.brakanes-hotel.no\/en\/#organization"},"potentialAction":[{"@type":"SearchAction","target":{"@type":"EntryPoint","urlTemplate":"https:\/\/test.brakanes-hotel.no\/en\/?s={search_term_string}"},"query-input":{"@type":"PropertyValueSpecification","valueRequired":true,"valueName":"search_term_string"}}],"inLanguage":"en-US"},{"@type":"Organization","@id":"https:\/\/test.brakanes-hotel.no\/en\/#organization","name":"Brakanes Hotel","url":"https:\/\/test.brakanes-hotel.no\/en\/","logo":{"@type":"ImageObject","inLanguage":"en-US","@id":"https:\/\/test.brakanes-hotel.no\/en\/#\/schema\/logo\/image\/","url":"https:\/\/test.brakanes-hotel.no\/wp-content\/uploads\/brakanes-hotel-hvit.png","contentUrl":"https:\/\/test.brakanes-hotel.no\/wp-content\/uploads\/brakanes-hotel-hvit.png","width":820,"height":419,"caption":"Brakanes Hotel"},"image":{"@id":"https:\/\/test.brakanes-hotel.no\/en\/#\/schema\/logo\/image\/"},"sameAs":["https:\/\/www.facebook.com\/Brakanes\/","https:\/\/www.instagram.com\/brakaneshotel\/"]}]}},"_links":{"self":[{"href":"https:\/\/test.brakanes-hotel.no\/en\/wp-json\/wp\/v2\/pages\/269","targetHints":{"allow":["GET"]}}],"collection":[{"href":"https:\/\/test.brakanes-hotel.no\/en\/wp-json\/wp\/v2\/pages"}],"about":[{"href":"https:\/\/test.brakanes-hotel.no\/en\/wp-json\/wp\/v2\/types\/page"}],"author":[{"embeddable":true,"href":"https:\/\/test.brakanes-hotel.no\/en\/wp-json\/wp\/v2\/users\/12"}],"replies":[{"embeddable":true,"href":"https:\/\/test.brakanes-hotel.no\/en\/wp-json\/wp\/v2\/comments?post=269"}],"version-history":[{"count":0,"href":"https:\/\/test.brakanes-hotel.no\/en\/wp-json\/wp\/v2\/pages\/269\/revisions"}],"wp:attachment":[{"href":"https:\/\/test.brakanes-hotel.no\/en\/wp-json\/wp\/v2\/media?parent=269"}],"curies":[{"name":"wp","href":"https:\/\/api.w.org\/{rel}","templated":true}]}}